{"id":1005,"date":"2023-02-08T12:17:10","date_gmt":"2023-02-08T12:17:10","guid":{"rendered":"https:\/\/creaius.es\/?page_id=1005"},"modified":"2023-05-29T11:38:01","modified_gmt":"2023-05-29T11:38:01","slug":"energia","status":"publish","type":"page","link":"https:\/\/creaius.es\/index.php\/energia\/","title":{"rendered":"Energ\u00eda"},"content":{"rendered":"<style>\/*! elementor - v3.10.0 - 09-01-2023 *\/\n.elementor-heading-title{padding:0;margin:0;line-height:1}.elementor-widget-heading .elementor-heading-title[class*=elementor-size-]>a{color:inherit;font-size:inherit;line-height:inherit}.elementor-widget-heading .elementor-heading-title.elementor-size-small{font-size:15px}.elementor-widget-heading .elementor-heading-title.elementor-size-medium{font-size:19px}.elementor-widget-heading .elementor-heading-title.elementor-size-large{font-size:29px}.elementor-widget-heading .elementor-heading-title.elementor-size-xl{font-size:39px}.elementor-widget-heading .elementor-heading-title.elementor-size-xxl{font-size:59px}<\/style>\n<h2>Energ\u00eda <\/h2>\n<p>En Creaius intentamos que pagues lo m\u00ednimos por tus facturas el\u00e9ctricas. Creemos que una de las maneras mas sostenibles y efectivas de ahorrar es una una instalaci\u00f3n fotovoltaica.<strong> \u00a1Es hora de enchufarse al sol!<\/strong><\/p>\n<p>\t\t\t<a href=\"https:\/\/creaius.es\/?page_id=1042&#038;preview=true\" role=\"button\"><br \/>\n\t\t\t\t\t\tQUIERO eNCHUFARME AL SOL<br \/>\n\t\t\t\t\t<\/a><\/p>\n<p>Si a\u00fan no te has decido por la energ\u00eda del sol, <b>una forma muy efectiva de ahorrar<\/b> en tu factura energ\u00e9tica es cambi\u00e1ndote a una comercializadoras con los mejores precios del mercado. Con precios desde <b>0,159\u20ac\/kWh<\/b> \u00a1<b>con el tope del gas incluido!. <\/b>Empieza a ahorrar con Gana Energ\u00eda.<\/p>\n<style>\/*! elementor - v3.10.0 - 09-01-2023 *\/\n.elementor-widget-image{text-align:center}.elementor-widget-image a{display:inline-block}.elementor-widget-image a img[src$=\".svg\"]{width:48px}.elementor-widget-image img{vertical-align:middle;display:inline-block}<\/style>\n<p>\t\t\t\t\t\t\t\t\t\t\t\t<img decoding=\"async\" width=\"977\" height=\"652\" src=\"https:\/\/creaius.es\/wp-content\/uploads\/2023\/02\/Logo_ganaenergia_cuadrado.png\" alt=\"\" loading=\"lazy\" srcset=\"https:\/\/creaius.es\/wp-content\/uploads\/2023\/02\/Logo_ganaenergia_cuadrado.png 977w, https:\/\/creaius.es\/wp-content\/uploads\/2023\/02\/Logo_ganaenergia_cuadrado-768x513.png 768w\" sizes=\"(max-width: 977px) 100vw, 977px\" \/>\t\t\t\t\t\t\t\t\t\t\t\t\t\t\t<\/p>\n<p><b>En Gana Energ\u00eda tenemos las cosas muy claras:<\/b><\/p>\n<p>\t\t\t\t\t\t\t\t\t\t\t\t\t\t\t<img decoding=\"async\" width=\"446\" height=\"458\" src=\"https:\/\/creaius.es\/wp-content\/uploads\/2023\/02\/lista-removebg-preview.png\" alt=\"\" loading=\"lazy\" srcset=\"https:\/\/creaius.es\/wp-content\/uploads\/2023\/02\/lista-removebg-preview.png 446w, https:\/\/creaius.es\/wp-content\/uploads\/2023\/02\/elementor\/thumbs\/lista-removebg-preview-q1v7s39oecmtk1bkjks7e755m6tffb6lbq4wcmo0ss.png 14w\" sizes=\"(max-width: 446px) 100vw, 446px\" \/>\t\t\t\t\t\t\t\t\t\t\t\t\t\t\t<\/p>\n<p><b>Paga solo por lo que consumes<\/b><\/p>\n<p>Tu factura de luz simplificada: sin servicios de mantenimiento ni seguros que nunca pediste.<\/p>\n<p>\t\t\t\t\t\t\t\t\t\t\t\t\t\t\t<img decoding=\"async\" width=\"235\" height=\"250\" src=\"https:\/\/creaius.es\/wp-content\/uploads\/2023\/02\/ahorro_icon.png\" alt=\"\" loading=\"lazy\" \/>\t\t\t\t\t\t\t\t\t\t\t\t\t\t\t<\/p>\n<p><b>Compromiso ahorro<\/b><\/p>\n<p>Sin subida de precio al renovar contrato. Consigue los precios m\u00e1s ajustados siempre.\u00a0<\/p>\n<p>\t\t\t\t\t\t\t\t\t\t\t\t\t\t\t<img decoding=\"async\" width=\"235\" height=\"250\" src=\"https:\/\/creaius.es\/wp-content\/uploads\/2023\/02\/sin_permanencias_icon.png\" alt=\"\" loading=\"lazy\" \/>\t\t\t\t\t\t\t\t\t\t\t\t\t\t\t<\/p>\n<p><b>Sin permanencia<\/b><\/p>\n<p>Si decides irte, se nos romper\u00e1 el coraz\u00f3n. Pero eres libre de irte sin penalizaci\u00f3n.<\/p>\n<p>\t\t\t<a href=\"https:\/\/creaius.es\/index.php\/tarifas\/\" role=\"button\"><br \/>\n\t\t\t\t\t\tVER TARIFAS<br \/>\n\t\t\t\t\t<\/a><\/p>\n<h3>\u00bfA que esperas? \u00a1Empieza a ahorrar!<\/h3>\n<p>Rellena este breve formulario para poder ofrecerte la mejor oferta <b>sin compromiso.<\/b><\/p>\n<p>Al rellenar y enviar este formulario, <strong>no<\/strong> te cambiaremos de comercializadora, solo te enviaremos una comparaci\u00f3n del ahorro que hubieras tenido el mes pasado. T\u00fa valoraras si te vale la pena cambiar. <strong>Ver\u00e1s como no te lo piensa.<\/strong><\/p>\n<p role=\"status\" aria-live=\"polite\" aria-atomic=\"true\">\n<ul><\/ul>\n<form action=\"\/wp-admin\/admin-ajax.php#wpcf7-f1211-o1\" method=\"post\" aria-label=\"Formulario de contacto\" enctype=\"multipart\/form-data\" novalidate=\"novalidate\" data-status=\"init\">\n<input type=\"hidden\" name=\"_wpcf7\" value=\"1211\" \/><br \/>\n<input type=\"hidden\" name=\"_wpcf7_version\" value=\"5.7.3\" \/><br \/>\n<input type=\"hidden\" name=\"_wpcf7_locale\" value=\"es_ES\" \/><br \/>\n<input type=\"hidden\" name=\"_wpcf7_unit_tag\" value=\"wpcf7-f1211-o1\" \/><br \/>\n<input type=\"hidden\" name=\"_wpcf7_container_post\" value=\"0\" \/><br \/>\n<input type=\"hidden\" name=\"_wpcf7_posted_data_hash\" value=\"\" \/><br \/>\n<input type=\"hidden\" name=\"_wpcf7cf_hidden_group_fields\" value=\"[]\" \/><br \/>\n<input type=\"hidden\" name=\"_wpcf7cf_hidden_groups\" value=\"[]\" \/><br \/>\n<input type=\"hidden\" name=\"_wpcf7cf_visible_groups\" value=\"[]\" \/><br \/>\n<input type=\"hidden\" name=\"_wpcf7cf_repeaters\" value=\"[]\" \/><br \/>\n<input type=\"hidden\" name=\"_wpcf7cf_steps\" value=\"{}\" \/><br \/>\n<input type=\"hidden\" name=\"_wpcf7cf_options\" value=\"{&quot;form_id&quot;:1211,&quot;conditions&quot;:[],&quot;settings&quot;:{&quot;animation&quot;:&quot;yes&quot;,&quot;animation_intime&quot;:200,&quot;animation_outtime&quot;:200,&quot;conditions_ui&quot;:&quot;normal&quot;,&quot;notice_dismissed&quot;:false}}\" \/><\/p>\n<p><label> Nombre y Apellidos<br \/>\n<input size=\"40\" autocomplete=\"name\" aria-required=\"true\" aria-invalid=\"false\" value=\"\" type=\"text\" name=\"your-name\" \/> <\/label>\n<\/p>\n<p><label> Tu correo electr\u00f3nico<br \/>\n<input size=\"40\" autocomplete=\"email\" aria-required=\"true\" aria-invalid=\"false\" value=\"\" type=\"email\" name=\"your-email\" \/> <\/label>\n<\/p>\n<p><label> Tu n\u00famero de tel\u00e9fono<br \/>\n<input size=\"40\" aria-required=\"true\" aria-invalid=\"false\" value=\"\" type=\"tel\" name=\"tel-517\" \/><br \/>\n<label> Tu direcci\u00f3n (donde se har\u00e1 la instalaci\u00f3n)<br \/>\n<input size=\"40\" aria-required=\"true\" aria-invalid=\"false\" value=\"\" type=\"text\" name=\"text-624\" \/><br \/>\n<label> Te contactamos mediante<br \/>\n<select aria-required=\"true\" aria-invalid=\"false\" name=\"Tecontactamosmediante\"><option value=\"Tel\u00e9fono\">Tel\u00e9fono<\/option><option value=\"WhatsApp\">WhatsApp<\/option><option value=\"E-Mail\">E-Mail<\/option><option value=\"Indiferente\">Indiferente<\/option><\/select><br \/>\n<label> Adjunta t\u00fa \u00faltima factura.<br \/>\n<input size=\"40\" accept=\".pdf,.jpg,.png,.heic\" aria-invalid=\"false\" type=\"file\" name=\"file-266\" \/><br \/>\n<label><br \/>\n<input type=\"submit\" value=\"Enviar\" \/><\/label><\/label><\/label><\/label><\/label>\n<\/p>\n<\/form>\n","protected":false},"excerpt":{"rendered":"<p>Energ\u00eda En Creaius intentamos que pagues lo m\u00ednimos por tus facturas el\u00e9ctricas. Creemos que una de las maneras mas sostenibles y efectivas de ahorrar es una una instalaci\u00f3n fotovoltaica. \u00a1Es hora de enchufarse al sol! QUIERO eNCHUFARME AL SOL Si a\u00fan no te has decido por la energ\u00eda del sol, una forma muy efectiva de [&hellip;]<\/p>\n","protected":false},"author":1,"featured_media":0,"parent":0,"menu_order":0,"comment_status":"closed","ping_status":"open","template":"","meta":[],"aioseo_notices":[],"_links":{"self":[{"href":"https:\/\/creaius.es\/index.php\/wp-json\/wp\/v2\/pages\/1005"}],"collection":[{"href":"https:\/\/creaius.es\/index.php\/wp-json\/wp\/v2\/pages"}],"about":[{"href":"https:\/\/creaius.es\/index.php\/wp-json\/wp\/v2\/types\/page"}],"author":[{"embeddable":true,"href":"https:\/\/creaius.es\/index.php\/wp-json\/wp\/v2\/users\/1"}],"replies":[{"embeddable":true,"href":"https:\/\/creaius.es\/index.php\/wp-json\/wp\/v2\/comments?post=1005"}],"version-history":[{"count":146,"href":"https:\/\/creaius.es\/index.php\/wp-json\/wp\/v2\/pages\/1005\/revisions"}],"predecessor-version":[{"id":1786,"href":"https:\/\/creaius.es\/index.php\/wp-json\/wp\/v2\/pages\/1005\/revisions\/1786"}],"wp:attachment":[{"href":"https:\/\/creaius.es\/index.php\/wp-json\/wp\/v2\/media?parent=1005"}],"curies":[{"name":"wp","href":"https:\/\/api.w.org\/{rel}","templated":true}]}}