{"id":1675,"date":"2023-04-26T16:59:49","date_gmt":"2023-04-26T16:59:49","guid":{"rendered":"https:\/\/creaius.es\/?page_id=1675"},"modified":"2023-04-26T17:18:37","modified_gmt":"2023-04-26T17:18:37","slug":"2-0td-sin-mas","status":"publish","type":"page","link":"https:\/\/creaius.es\/index.php\/2-0td-sin-mas\/","title":{"rendered":"2.0TD Sin Mas"},"content":{"rendered":"<style>\/*! elementor - v3.10.0 - 09-01-2023 *\/\n.elementor-column .elementor-spacer-inner{height:var(--spacer-size)}.e-con{--container-widget-width:100%}.e-con-inner>.elementor-widget-spacer,.e-con>.elementor-widget-spacer{width:var(--container-widget-width,var(--spacer-size));--align-self:var(--container-widget-align-self,initial);--flex-shrink:0}.e-con-inner>.elementor-widget-spacer>.elementor-widget-container,.e-con-inner>.elementor-widget-spacer>.elementor-widget-container>.elementor-spacer,.e-con>.elementor-widget-spacer>.elementor-widget-container,.e-con>.elementor-widget-spacer>.elementor-widget-container>.elementor-spacer{height:100%}.e-con-inner>.elementor-widget-spacer>.elementor-widget-container>.elementor-spacer>.elementor-spacer-inner,.e-con>.elementor-widget-spacer>.elementor-widget-container>.elementor-spacer>.elementor-spacer-inner{height:var(--container-widget-height,var(--spacer-size))}<\/style>\n<p><b>Nuestra tarifa de luz a precio de coste<\/b><\/p>\n<p>Est\u00e1s muy cerca de unirte a Gana Energ\u00eda<\/p>\n<style>\/*! elementor - v3.10.0 - 09-01-2023 *\/\n.elementor-widget-image{text-align:center}.elementor-widget-image a{display:inline-block}.elementor-widget-image a img[src$=\".svg\"]{width:48px}.elementor-widget-image img{vertical-align:middle;display:inline-block}<\/style>\n<p>\t\t\t\t\t\t\t\t\t\t\t\t<img decoding=\"async\" width=\"134\" height=\"139\" src=\"https:\/\/creaius.es\/wp-content\/uploads\/2023\/02\/precio_estable_icon.svg\" alt=\"\" loading=\"lazy\" \/>\t\t\t\t\t\t\t\t\t\t\t\t\t\t\t<\/p>\n<p><b>2.0TD Sin Mas<\/b><\/p>\n<p>Tarifa de luz a precio de coste.<\/p>\n<p>Tarifa con discriminaci\u00f3n horaria. Precio variable en Punta, Llano y Valle.<\/p>\n<p>Los precios de la energ\u00eda var\u00edan cada hora. Te mostramos los precios medios de los \u00faltimos 30 d\u00edas.<\/p>\n<p>\u00a0<\/p>\n<p>\t\t\t\t\t\t\t\t\t\t\t\t\t\t\t<img decoding=\"async\" width=\"633\" height=\"269\" src=\"https:\/\/creaius.es\/wp-content\/uploads\/2023\/04\/sinmas.jpg\" alt=\"\" loading=\"lazy\" \/><br \/>\n\t\t\t<a href=\"https:\/\/creaius.es\/index.php\/contratar-1t\/\" role=\"button\"><br \/>\n\t\t\t\t\t\t\u00a1LA QUIERO!<br \/>\n\t\t\t\t\t<\/a><\/p>\n<p style=\"margin-bottom: 0cm; line-height: normal;\"><strong>Precios con impuestos<\/strong><\/p>\n<p style=\"margin-bottom: 0cm; line-height: normal;\">*IVA: 5% para potencias de hasta 10 kW y de un 21% para potencias superiores a 10 kW<\/p>\n<p style=\"margin-bottom: 0cm; line-height: normal;\">*Impuesto sobre la Electricidad del 0,5% ya aplicado<\/p>\n<p style=\"margin-bottom: 0cm; line-height: normal;\"><b>\u00a0Otros costes:<\/b><\/p>\n<p style=\"margin-bottom: 0cm; line-height: normal;\">*Contribuci\u00f3n con el bono social: 0,03672\u20ac\/d\u00eda.<\/p>\n<p style=\"margin-bottom: 0cm; line-height: normal;\">*Alquiler de contador: 0,02663\u20ac\/d\u00eda monof\u00e1sico y 0,04471\u20ac\/d\u00eda trif\u00e1sico.<\/p>\n<p style=\"margin: 0cm;\">\u00a0<\/p>\n<h3>\u00a1As\u00ed ser\u00e1n tus<br \/>tramos horarios!<\/h3>\n<p>Ahorra consumiendo en las horas m\u00e1s baratas de la luz<\/p>\n<p style=\"text-align: center;\"><b>Periodos energ\u00eda<\/b><\/p>\n<p>\t\t\t\t\t\t\t\t\t\t\t\t\t\t\t<img decoding=\"async\" width=\"621\" height=\"623\" src=\"https:\/\/creaius.es\/wp-content\/uploads\/2023\/02\/horarios-energia-lv-v1-light.svg\" alt=\"\" loading=\"lazy\" \/><br \/>\n\t\t\t\t\t\t\t\t\t\t\t\t\t\t\t<img decoding=\"async\" width=\"627\" height=\"623\" src=\"https:\/\/creaius.es\/wp-content\/uploads\/2023\/02\/horarios-energia-fs-v1-light.svg\" alt=\"\" loading=\"lazy\" \/>\t\t\t\t\t\t\t\t\t\t\t\t\t\t\t<\/p>\n<p style=\"text-align: center;\"><b>Periodos energ\u00eda<\/b><\/p>\n<p>\t\t\t\t\t\t\t\t\t\t\t\t\t\t\t<img decoding=\"async\" width=\"623\" height=\"623\" src=\"https:\/\/creaius.es\/wp-content\/uploads\/2023\/02\/horarios-potencia-lv-v1-light.svg\" alt=\"\" loading=\"lazy\" \/><br \/>\n\t\t\t\t\t\t\t\t\t\t\t\t\t\t\t<img decoding=\"async\" width=\"627\" height=\"623\" src=\"https:\/\/creaius.es\/wp-content\/uploads\/2023\/02\/horarios-energia-fs-v1-light.svg\" alt=\"\" loading=\"lazy\" \/><br \/>\n\t\t\t\t\t\t\t\t\t\t\t\t\t\t\t<img decoding=\"async\" width=\"1006\" height=\"198\" src=\"https:\/\/creaius.es\/wp-content\/uploads\/2023\/02\/Captura_de_pantalla_2023-02-22_191818-removebg-preview.png\" alt=\"\" loading=\"lazy\" srcset=\"https:\/\/creaius.es\/wp-content\/uploads\/2023\/02\/Captura_de_pantalla_2023-02-22_191818-removebg-preview.png 1006w, https:\/\/creaius.es\/wp-content\/uploads\/2023\/02\/Captura_de_pantalla_2023-02-22_191818-removebg-preview-768x151.png 768w\" sizes=\"(max-width: 1006px) 100vw, 1006px\" \/><\/p>\n","protected":false},"excerpt":{"rendered":"<p>Nuestra tarifa de luz a precio de coste Est\u00e1s muy cerca de unirte a Gana Energ\u00eda 2.0TD Sin Mas Tarifa de luz a precio de coste. Tarifa con discriminaci\u00f3n horaria. Precio variable en Punta, Llano y Valle. Los precios de la energ\u00eda var\u00edan cada hora. Te mostramos los precios medios de los \u00faltimos 30 d\u00edas. [&hellip;]<\/p>\n","protected":false},"author":2,"featured_media":0,"parent":0,"menu_order":0,"comment_status":"closed","ping_status":"closed","template":"","meta":[],"aioseo_notices":[],"_links":{"self":[{"href":"https:\/\/creaius.es\/index.php\/wp-json\/wp\/v2\/pages\/1675"}],"collection":[{"href":"https:\/\/creaius.es\/index.php\/wp-json\/wp\/v2\/pages"}],"about":[{"href":"https:\/\/creaius.es\/index.php\/wp-json\/wp\/v2\/types\/page"}],"author":[{"embeddable":true,"href":"https:\/\/creaius.es\/index.php\/wp-json\/wp\/v2\/users\/2"}],"replies":[{"embeddable":true,"href":"https:\/\/creaius.es\/index.php\/wp-json\/wp\/v2\/comments?post=1675"}],"version-history":[{"count":4,"href":"https:\/\/creaius.es\/index.php\/wp-json\/wp\/v2\/pages\/1675\/revisions"}],"predecessor-version":[{"id":1683,"href":"https:\/\/creaius.es\/index.php\/wp-json\/wp\/v2\/pages\/1675\/revisions\/1683"}],"wp:attachment":[{"href":"https:\/\/creaius.es\/index.php\/wp-json\/wp\/v2\/media?parent=1675"}],"curies":[{"name":"wp","href":"https:\/\/api.w.org\/{rel}","templated":true}]}}