{"id":1721,"date":"2023-04-27T10:45:00","date_gmt":"2023-04-27T10:45:00","guid":{"rendered":"https:\/\/creaius.es\/?page_id=1721"},"modified":"2023-04-27T11:29:52","modified_gmt":"2023-04-27T11:29:52","slug":"formularioreparacion","status":"publish","type":"page","link":"https:\/\/creaius.es\/index.php\/formularioreparacion\/","title":{"rendered":"Formulario Reparaci\u00f3n"},"content":{"rendered":"<h2>Indicanos tu problema<\/h2>\n<h3>\u00a1Y te llamamos con un presupuesto!<\/h3>\n<p>.<\/p>\n<p role=\"status\" aria-live=\"polite\" aria-atomic=\"true\">\n<ul><\/ul>\n<form action=\"\/wp-admin\/admin-ajax.php#wpcf7-f1720-o1\" method=\"post\" aria-label=\"Formulario de contacto\" novalidate=\"novalidate\" data-status=\"init\">\n<input type=\"hidden\" name=\"_wpcf7\" value=\"1720\" \/><br \/>\n<input type=\"hidden\" name=\"_wpcf7_version\" value=\"5.7.3\" \/><br \/>\n<input type=\"hidden\" name=\"_wpcf7_locale\" value=\"es_ES\" \/><br \/>\n<input type=\"hidden\" name=\"_wpcf7_unit_tag\" value=\"wpcf7-f1720-o1\" \/><br \/>\n<input type=\"hidden\" name=\"_wpcf7_container_post\" value=\"0\" \/><br \/>\n<input type=\"hidden\" name=\"_wpcf7_posted_data_hash\" value=\"\" \/><br \/>\n<input type=\"hidden\" name=\"_wpcf7cf_hidden_group_fields\" value=\"[]\" \/><br \/>\n<input type=\"hidden\" name=\"_wpcf7cf_hidden_groups\" value=\"[]\" \/><br \/>\n<input type=\"hidden\" name=\"_wpcf7cf_visible_groups\" value=\"[]\" \/><br \/>\n<input type=\"hidden\" name=\"_wpcf7cf_repeaters\" value=\"[]\" \/><br \/>\n<input type=\"hidden\" name=\"_wpcf7cf_steps\" value=\"{}\" \/><br \/>\n<input type=\"hidden\" name=\"_wpcf7cf_options\" value=\"{&quot;form_id&quot;:1720,&quot;conditions&quot;:[],&quot;settings&quot;:{&quot;animation&quot;:&quot;yes&quot;,&quot;animation_intime&quot;:200,&quot;animation_outtime&quot;:200,&quot;conditions_ui&quot;:&quot;normal&quot;,&quot;notice_dismissed&quot;:false}}\" \/><\/p>\n<p><label><br \/>\nNombre<br \/>\n<input size=\"40\" autocomplete=\"name\" aria-required=\"true\" aria-invalid=\"false\" value=\"Nombre\" type=\"text\" name=\"your-name\" \/><br \/>\n<\/label><br \/>\n<label><br \/>\nApellidos<br \/>\n<input size=\"40\" autocomplete=\"surname\" aria-required=\"true\" aria-invalid=\"false\" value=\"Apellidos\" type=\"text\" name=\"your-surname\" \/><br \/>\n<\/label><br \/>\n<label><br \/>\nTu correo electr\u00f3nico<br \/>\n<input size=\"40\" autocomplete=\"email\" aria-required=\"true\" aria-invalid=\"false\" value=\"example@example.example\" type=\"email\" name=\"your-email\" \/><br \/>\n<\/label><br \/>\n<label><br \/>\nTu n\u00famero de tel\u00e9fono<br \/>\n<input size=\"40\" aria-required=\"true\" aria-invalid=\"false\" value=\"N\u00famero de telefono\" type=\"tel\" name=\"tel-517\" \/><br \/>\n<\/label><br \/>\n<label><br \/>\n\u00bfQue tipo de dispositivo se te ha estropeado?<br \/>\n<select aria-required=\"true\" aria-invalid=\"false\" name=\"tipoDispositivo\"><option value=\"M\u00f3vil\">M\u00f3vil<\/option><option value=\"Ordenador\/Portatil\">Ordenador\/Portatil<\/option><option value=\"Tablet\">Tablet<\/option><option value=\"Otro\">Otro<\/option><\/select><br \/>\n<\/label><br \/>\n<label><br \/>\nDescripci\u00f3n del problema<br \/>\n<textarea cols=\"40\" rows=\"10\" aria-required=\"true\" aria-invalid=\"false\" name=\"your-message\">Describe detalladamente el problema de tu dispositivo<\/textarea><br \/>\n<\/label>\n<\/p>\n<p><input type=\"submit\" value=\"Enviar\" \/>\n<\/p>\n<\/form>\n","protected":false},"excerpt":{"rendered":"<p>Indicanos tu problema \u00a1Y te llamamos con un presupuesto! . Nombre Apellidos Tu correo electr\u00f3nico Tu n\u00famero de tel\u00e9fono \u00bfQue tipo de dispositivo se te ha estropeado? M\u00f3vilOrdenador\/PortatilTabletOtro Descripci\u00f3n del problema Describe detalladamente el problema de tu dispositivo<\/p>\n","protected":false},"author":2,"featured_media":0,"parent":0,"menu_order":0,"comment_status":"closed","ping_status":"closed","template":"","meta":[],"aioseo_notices":[],"_links":{"self":[{"href":"https:\/\/creaius.es\/index.php\/wp-json\/wp\/v2\/pages\/1721"}],"collection":[{"href":"https:\/\/creaius.es\/index.php\/wp-json\/wp\/v2\/pages"}],"about":[{"href":"https:\/\/creaius.es\/index.php\/wp-json\/wp\/v2\/types\/page"}],"author":[{"embeddable":true,"href":"https:\/\/creaius.es\/index.php\/wp-json\/wp\/v2\/users\/2"}],"replies":[{"embeddable":true,"href":"https:\/\/creaius.es\/index.php\/wp-json\/wp\/v2\/comments?post=1721"}],"version-history":[{"count":39,"href":"https:\/\/creaius.es\/index.php\/wp-json\/wp\/v2\/pages\/1721\/revisions"}],"predecessor-version":[{"id":1767,"href":"https:\/\/creaius.es\/index.php\/wp-json\/wp\/v2\/pages\/1721\/revisions\/1767"}],"wp:attachment":[{"href":"https:\/\/creaius.es\/index.php\/wp-json\/wp\/v2\/media?parent=1721"}],"curies":[{"name":"wp","href":"https:\/\/api.w.org\/{rel}","templated":true}]}}