{"id":650,"date":"2021-01-19T08:01:27","date_gmt":"2021-01-19T08:01:27","guid":{"rendered":"https:\/\/creaius.es\/index.php\/home\/"},"modified":"2025-01-22T12:16:02","modified_gmt":"2025-01-22T12:16:02","slug":"consultoria-tecnologica","status":"publish","type":"page","link":"https:\/\/creaius.es\/","title":{"rendered":"Creaius"},"content":{"rendered":"<style>\/*! elementor - v3.10.0 - 09-01-2023 *\/\n.elementor-heading-title{padding:0;margin:0;line-height:1}.elementor-widget-heading .elementor-heading-title[class*=elementor-size-]>a{color:inherit;font-size:inherit;line-height:inherit}.elementor-widget-heading .elementor-heading-title.elementor-size-small{font-size:15px}.elementor-widget-heading .elementor-heading-title.elementor-size-medium{font-size:19px}.elementor-widget-heading .elementor-heading-title.elementor-size-large{font-size:29px}.elementor-widget-heading .elementor-heading-title.elementor-size-xl{font-size:39px}.elementor-widget-heading .elementor-heading-title.elementor-size-xxl{font-size:59px}<\/style>\n<h6>Bienvenido al futuro con creaius<\/h6>\n<h1>Creaius<\/h1>\n<h2>Consultor\u00eda tecnol\u00f3gica<\/h2>\n<p><strong>Creaius se convertir\u00e1 en tu socio tecnol\u00f3gico<\/strong>. Somos pioneros en las \u00faltimas tecnolog\u00edas del mercado.<\/p>\n<p>Gracias a Creaius conseguir\u00e1s optimizar tu tiempo y dinero en el d\u00eda a d\u00eda tanto a nivel particular como profesional.<\/p>\n<p>Somos expertos en el sector energ\u00e9tico, maximizamos la eficiencia tanto en tu hogar como en empresa con una m\u00ednima inversi\u00f3n.<\/p>\n<p>Realizamos instalaciones fotovoltaicas especialmente en sitios remotos sin acceso a red el\u00e9ctrica. Somos expertos en la optimizaci\u00f3n de sistemas de almacenamiento (bater\u00edas).<\/p>\n<p>Destacamos en soluciones en red. Desde solucionar tu cobertura WiFi domestica hasta llevar internet de banda ancha a los sitios m\u00e1s remotos.<\/p>\n<p>Soluciones en software y hardware. Somos capaces de solucionar el 99% de retos inform\u00e1ticos.<\/p>\n<p>Somos expertos en despligue y mantenimiento en redes de videovigilancia.<\/p>\n<p><b>\u00bfEST\u00c1<\/b><b>S PREPARADO PARA EL FUTURO?<\/b><\/p>\n<h6>TRABAJAMOS CON:<\/h6>\n<style>\/*! elementor - v3.10.0 - 09-01-2023 *\/\n.elementor-widget-image{text-align:center}.elementor-widget-image a{display:inline-block}.elementor-widget-image a img[src$=\".svg\"]{width:48px}.elementor-widget-image img{vertical-align:middle;display:inline-block}<\/style>\n<p>\t\t\t\t\t\t\t\t\t\t\t\t<img decoding=\"async\" width=\"977\" height=\"652\" src=\"https:\/\/creaius.es\/wp-content\/uploads\/2023\/02\/Logo_ganaenergia_cuadrado.png\" alt=\"\" loading=\"lazy\" srcset=\"https:\/\/creaius.es\/wp-content\/uploads\/2023\/02\/Logo_ganaenergia_cuadrado.png 977w, https:\/\/creaius.es\/wp-content\/uploads\/2023\/02\/Logo_ganaenergia_cuadrado-768x513.png 768w\" sizes=\"(max-width: 977px) 100vw, 977px\" \/><br \/>\n\t\t\t\t\t\t\t\t\t\t\t\t\t\t\t<img decoding=\"async\" width=\"149\" height=\"110\" src=\"https:\/\/creaius.es\/wp-content\/uploads\/2023\/02\/descarga__1_-removebg-preview.png\" alt=\"\" loading=\"lazy\" \/><br \/>\n\t\t\t\t\t\t\t\t\t\t\t\t\t\t\t<img decoding=\"async\" width=\"589\" height=\"424\" src=\"https:\/\/creaius.es\/wp-content\/uploads\/2023\/02\/GROWATT2-removebg-preview.png\" alt=\"\" loading=\"lazy\" \/><br \/>\n\t\t\t\t\t\t\t\t\t\t\t\t\t\t\t<img decoding=\"async\" width=\"400\" height=\"250\" src=\"https:\/\/creaius.es\/wp-content\/uploads\/2023\/02\/LOGO-JINKO-1-removebg-preview.png\" alt=\"\" loading=\"lazy\" \/>\t\t\t\t\t\t\t\t\t\t\t\t\t\t\t<\/p>\n<style>\/*! elementor - v3.10.0 - 09-01-2023 *\/\n.elementor-widget-divider{--divider-border-style:none;--divider-border-width:1px;--divider-color:#2c2c2c;--divider-icon-size:20px;--divider-element-spacing:10px;--divider-pattern-height:24px;--divider-pattern-size:20px;--divider-pattern-url:none;--divider-pattern-repeat:repeat-x}.elementor-widget-divider .elementor-divider{display:flex}.elementor-widget-divider .elementor-divider__text{font-size:15px;line-height:1;max-width:95%}.elementor-widget-divider .elementor-divider__element{margin:0 var(--divider-element-spacing);flex-shrink:0}.elementor-widget-divider .elementor-icon{font-size:var(--divider-icon-size)}.elementor-widget-divider .elementor-divider-separator{display:flex;margin:0;direction:ltr}.elementor-widget-divider--view-line_icon .elementor-divider-separator,.elementor-widget-divider--view-line_text .elementor-divider-separator{align-items:center}.elementor-widget-divider--view-line_icon .elementor-divider-separator:after,.elementor-widget-divider--view-line_icon .elementor-divider-separator:before,.elementor-widget-divider--view-line_text .elementor-divider-separator:after,.elementor-widget-divider--view-line_text .elementor-divider-separator:before{display:block;content:\"\";border-bottom:0;flex-grow:1;border-top:var(--divider-border-width) var(--divider-border-style) var(--divider-color)}.elementor-widget-divider--element-align-left .elementor-divider .elementor-divider-separator>.elementor-divider__svg:first-of-type{flex-grow:0;flex-shrink:100}.elementor-widget-divider--element-align-left .elementor-divider-separator:before{content:none}.elementor-widget-divider--element-align-left .elementor-divider__element{margin-left:0}.elementor-widget-divider--element-align-right .elementor-divider .elementor-divider-separator>.elementor-divider__svg:last-of-type{flex-grow:0;flex-shrink:100}.elementor-widget-divider--element-align-right .elementor-divider-separator:after{content:none}.elementor-widget-divider--element-align-right .elementor-divider__element{margin-right:0}.elementor-widget-divider:not(.elementor-widget-divider--view-line_text):not(.elementor-widget-divider--view-line_icon) .elementor-divider-separator{border-top:var(--divider-border-width) var(--divider-border-style) var(--divider-color)}.elementor-widget-divider--separator-type-pattern{--divider-border-style:none}.elementor-widget-divider--separator-type-pattern.elementor-widget-divider--view-line .elementor-divider-separator,.elementor-widget-divider--separator-type-pattern:not(.elementor-widget-divider--view-line) .elementor-divider-separator:after,.elementor-widget-divider--separator-type-pattern:not(.elementor-widget-divider--view-line) .elementor-divider-separator:before,.elementor-widget-divider--separator-type-pattern:not([class*=elementor-widget-divider--view]) .elementor-divider-separator{width:100%;min-height:var(--divider-pattern-height);-webkit-mask-size:var(--divider-pattern-size) 100%;mask-size:var(--divider-pattern-size) 100%;-webkit-mask-repeat:var(--divider-pattern-repeat);mask-repeat:var(--divider-pattern-repeat);background-color:var(--divider-color);-webkit-mask-image:var(--divider-pattern-url);mask-image:var(--divider-pattern-url)}.elementor-widget-divider--no-spacing{--divider-pattern-size:auto}.elementor-widget-divider--bg-round{--divider-pattern-repeat:round}.rtl .elementor-widget-divider .elementor-divider__text{direction:rtl}.e-con-inner>.elementor-widget-divider,.e-con>.elementor-widget-divider{width:var(--container-widget-width);--flex-grow:var(--container-widget-flex-grow)}<\/style>\n<p>\t\t\t\t\t\t\t\t\t\t\t\t\t\t\t<img decoding=\"async\" width=\"2560\" height=\"1601\" src=\"https:\/\/creaius.es\/wp-content\/uploads\/2023\/01\/pexels-tayssir-kadamany-7358746-min-scaled.jpg\" alt=\"energia xativa creaius geneenergia\" loading=\"lazy\" srcset=\"https:\/\/creaius.es\/wp-content\/uploads\/2023\/01\/pexels-tayssir-kadamany-7358746-min-scaled.jpg 2560w, https:\/\/creaius.es\/wp-content\/uploads\/2023\/01\/pexels-tayssir-kadamany-7358746-min-768x480.jpg 768w, https:\/\/creaius.es\/wp-content\/uploads\/2023\/01\/pexels-tayssir-kadamany-7358746-min-1536x961.jpg 1536w, https:\/\/creaius.es\/wp-content\/uploads\/2023\/01\/pexels-tayssir-kadamany-7358746-min-2048x1281.jpg 2048w\" sizes=\"(max-width: 2560px) 100vw, 2560px\" \/>\t\t\t\t\t\t\t\t\t\t\t\t\t\t\t<\/p>\n<h5>\u00a1PRECIOS BAJOS PARA SIMPRE!<\/h5>\n<p>Sin ofertas puntuales ni trampas.<\/p>\n<h2>Bienvenid@ a la compa\u00f1\u00eda de luz del <u>ahorro<\/u><\/h2>\n<p>Desde Creaius nos tomamos el tiempo de analizar c\u00f3mo est\u00e1s usando la energ\u00eda para ofrecerte las mejores herramientas de ahorro y los mejores precios. Gracias a que somos colaboradores de Gana Energ\u00eda, una de las empresas que cuenta con la energ\u00eda m\u00e1s baratas del mercado espa\u00f1ol.&nbsp;<\/p>\n<p>Cambiar de compa\u00f1ia el\u00e9ctrica nunca fue tan f\u00e1cil. Sin permanencia. Sin sorpresas y con mucho ahorro.<\/p>\n<p>\t\t\t<a href=\"https:\/\/creaius.es\/index.php\/energia\/\" role=\"button\"><br \/>\n\t\t\t\t\t\t\u00a1QUIERO EMPEZAR A AHORRAR!<br \/>\n\t\t\t\t\t<\/a><\/p>\n<h2>Nunca la energ\u00eda renovable fue tan accesible como ahora<\/h2>\n<p>En Creaius te hacemos un estudio fotovoltaico y te damos un presupuesto adaptado a tus necesidades energ\u00e9ticas, tanto si eres un particular como una empresa\u00a0 <a href=\"http:\/\/creaius.es\/index.php\/energia-fotovoltaica\/\">\u00bfEmpezamos?<\/a><\/p>\n<p>\u201cLa energ\u00eda es esencial para el desarrollo, y la energ\u00eda sostenible es esencial para el desarrollo sostenible.<\/p>\n<p>Tim Wirth.\u201d<\/p>\n<p>\t\t\t\t\t\t\t\t\t\t\t\t\t\t\t<img decoding=\"async\" width=\"2560\" height=\"1707\" src=\"https:\/\/creaius.es\/wp-content\/uploads\/2023\/01\/pexels-vivint-solar-2850347-min-scaled.jpg\" alt=\"energ\u00eda solar xativa jativa\" loading=\"lazy\" srcset=\"https:\/\/creaius.es\/wp-content\/uploads\/2023\/01\/pexels-vivint-solar-2850347-min-scaled.jpg 2560w, https:\/\/creaius.es\/wp-content\/uploads\/2023\/01\/pexels-vivint-solar-2850347-min-300x200.jpg 300w, https:\/\/creaius.es\/wp-content\/uploads\/2023\/01\/pexels-vivint-solar-2850347-min-1024x683.jpg 1024w, https:\/\/creaius.es\/wp-content\/uploads\/2023\/01\/pexels-vivint-solar-2850347-min-768x512.jpg 768w, https:\/\/creaius.es\/wp-content\/uploads\/2023\/01\/pexels-vivint-solar-2850347-min-1536x1024.jpg 1536w, https:\/\/creaius.es\/wp-content\/uploads\/2023\/01\/pexels-vivint-solar-2850347-min-2048x1365.jpg 2048w\" sizes=\"(max-width: 2560px) 100vw, 2560px\" \/>\t\t\t\t\t\t\t\t\t\t\t\t\t\t\t<\/p>\n<h5>La imagen es un ejemplo,<\/h5>\n<p>Pero podr\u00eda ser tu casa.<\/p>\n<p>\t\t\t\t\t\t\t\t\t\t\t\t\t\t\t<img decoding=\"async\" width=\"1170\" height=\"658\" src=\"https:\/\/creaius.es\/wp-content\/uploads\/2023\/10\/Blog-04-1170x658-1.jpg\" alt=\"\" loading=\"lazy\" srcset=\"https:\/\/creaius.es\/wp-content\/uploads\/2023\/10\/Blog-04-1170x658-1.jpg 1170w, https:\/\/creaius.es\/wp-content\/uploads\/2023\/10\/Blog-04-1170x658-1-768x432.jpg 768w\" sizes=\"(max-width: 1170px) 100vw, 1170px\" \/>\t\t\t\t\t\t\t\t\t\t\t\t\t\t\t<\/p>\n<h2>\u00a1Optimiza tu conexi\u00f3n!<\/h2>\n<p>\u00bfTus dispositivos se desconectan constantemente? \u00bfLa velocidad de tu red no cumple con tus expectativas? Nuestro equipo de expertos en mantenimiento y creaci\u00f3n de redes locales est\u00e1 aqu\u00ed para ayudarte.<\/p>\n<p>Ofrecemos servicios de mantenimiento de primer nivel para garantizar que tu red local existente funcione de manera \u00f3ptima. Desde la soluci\u00f3n de problemas hasta la mejora del rendimiento, estamos comprometidos en brindarte la mejor experiencia de conexi\u00f3n.<\/p>\n<style>\/*! elementor - v3.10.0 - 09-01-2023 *\/\n.elementor-column .elementor-spacer-inner{height:var(--spacer-size)}.e-con{--container-widget-width:100%}.e-con-inner>.elementor-widget-spacer,.e-con>.elementor-widget-spacer{width:var(--container-widget-width,var(--spacer-size));--align-self:var(--container-widget-align-self,initial);--flex-shrink:0}.e-con-inner>.elementor-widget-spacer>.elementor-widget-container,.e-con-inner>.elementor-widget-spacer>.elementor-widget-container>.elementor-spacer,.e-con>.elementor-widget-spacer>.elementor-widget-container,.e-con>.elementor-widget-spacer>.elementor-widget-container>.elementor-spacer{height:100%}.e-con-inner>.elementor-widget-spacer>.elementor-widget-container>.elementor-spacer>.elementor-spacer-inner,.e-con>.elementor-widget-spacer>.elementor-widget-container>.elementor-spacer>.elementor-spacer-inner{height:var(--container-widget-height,var(--spacer-size))}<\/style>\n<h2>Soluciones inform\u00e1ticas <\/h2>\n<p>\u00bfNecesitas soluciones inform\u00e1ticas completas y confiables? \u00a1Est\u00e1s en el lugar correcto! En nuestro centro de servicios de inform\u00e1tica, ofrecemos un amplio abanico de soluciones de software y hardware para satisfacer todas tus necesidades tecnol\u00f3gicas.<\/p>\n<p>Nos especializamos en: dise\u00f1o de equipos a medidas, actualizaciones de software y hardware, optimizaci\u00f3n de rendimiento,\u00a0 reparaciones y soluciones de equipo.<\/p>\n<p>\t\t\t\t\t\t\t\t\t\t\t\t\t\t\t<img decoding=\"async\" width=\"515\" height=\"334\" src=\"https:\/\/creaius.es\/wp-content\/uploads\/2023\/10\/ordenadores-empresa-oficina.jpg\" alt=\"\" loading=\"lazy\" \/>\t\t\t\t\t\t\t\t\t\t\t\t\t\t\t<\/p>\n<h2>Tu seguridad de confianza <\/h2>\n<p>Nuestro objetivo es ayudarle a sentirse seguro y protegido en su hogar, comunidad o empresa. Colaboramos con Protectel para ofrecerle un producto de calidad y un equipo de profesionales dedicados para ayudarle a proteger a su familia, cuidar la vivienda cuando est\u00e1 vac\u00eda, evitar el miedo a vivir solo, etc.<\/p>\n<p>Algunos de los servicios ofrecidos por Protectel son:<\/p>\n<link rel=\"stylesheet\" href=\"https:\/\/creaius.es\/wp-content\/plugins\/elementor\/assets\/css\/widget-icon-list.min.css\">\n<ul>\n<li>\n\t\t\t\t\t\t\t\t\t\tLocalizaci\u00f3n de veh\u00edculos\n\t\t\t\t\t\t\t\t\t<\/li>\n<li>\n\t\t\t\t\t\t\t\t\t\tSistemas perimetrales de detecci\u00f3n de intrusos\n\t\t\t\t\t\t\t\t\t<\/li>\n<li>\n\t\t\t\t\t\t\t\t\t\tCajas fuertes, puertas acorazadas, armarios de seguridad&#8230;\n\t\t\t\t\t\t\t\t\t<\/li>\n<\/ul>\n<p>\t\t\t\t\t\t\t\t\t\t\t\t\t\t\t<img decoding=\"async\" width=\"1536\" height=\"2086\" src=\"https:\/\/creaius.es\/wp-content\/uploads\/2023\/01\/protectel_xiquetpare2-min.png\" alt=\"\" loading=\"lazy\" srcset=\"https:\/\/creaius.es\/wp-content\/uploads\/2023\/01\/protectel_xiquetpare2-min.png 1536w, https:\/\/creaius.es\/wp-content\/uploads\/2023\/01\/protectel_xiquetpare2-min-768x1043.png 768w, https:\/\/creaius.es\/wp-content\/uploads\/2023\/01\/protectel_xiquetpare2-min-1131x1536.png 1131w, https:\/\/creaius.es\/wp-content\/uploads\/2023\/01\/protectel_xiquetpare2-min-1508x2048.png 1508w\" sizes=\"(max-width: 1536px) 100vw, 1536px\" \/><br \/>\n\t\t\t\t\t\t\t\t\t\t\t\t\t\t\t<img decoding=\"async\" width=\"2560\" height=\"1685\" src=\"https:\/\/creaius.es\/wp-content\/uploads\/2023\/01\/immo-wegmann-YriuRFYUP0I-unsplash-min-scaled.jpg\" alt=\"\" loading=\"lazy\" srcset=\"https:\/\/creaius.es\/wp-content\/uploads\/2023\/01\/immo-wegmann-YriuRFYUP0I-unsplash-min-scaled.jpg 2560w, https:\/\/creaius.es\/wp-content\/uploads\/2023\/01\/immo-wegmann-YriuRFYUP0I-unsplash-min-768x505.jpg 768w, https:\/\/creaius.es\/wp-content\/uploads\/2023\/01\/immo-wegmann-YriuRFYUP0I-unsplash-min-1536x1011.jpg 1536w, https:\/\/creaius.es\/wp-content\/uploads\/2023\/01\/immo-wegmann-YriuRFYUP0I-unsplash-min-2048x1348.jpg 2048w\" sizes=\"(max-width: 2560px) 100vw, 2560px\" \/><br \/>\n\t\t\t\t\t\t\t\t\t\t\t\t\t\t\t<img decoding=\"async\" width=\"2560\" height=\"2180\" src=\"https:\/\/creaius.es\/wp-content\/uploads\/2023\/01\/pexels-george-becker-792032-scaled.jpg\" alt=\"\" loading=\"lazy\" srcset=\"https:\/\/creaius.es\/wp-content\/uploads\/2023\/01\/pexels-george-becker-792032-scaled.jpg 2560w, https:\/\/creaius.es\/wp-content\/uploads\/2023\/01\/pexels-george-becker-792032-768x654.jpg 768w, https:\/\/creaius.es\/wp-content\/uploads\/2023\/01\/pexels-george-becker-792032-1536x1308.jpg 1536w, https:\/\/creaius.es\/wp-content\/uploads\/2023\/01\/pexels-george-becker-792032-2048x1744.jpg 2048w\" sizes=\"(max-width: 2560px) 100vw, 2560px\" \/><br \/>\n\t\t\t\t\t\t\t\t\t\t\t\t\t\t\t<img decoding=\"async\" width=\"2063\" height=\"2560\" src=\"https:\/\/creaius.es\/wp-content\/uploads\/2023\/01\/camara_seguridad-min-scaled.jpg\" alt=\"\" loading=\"lazy\" srcset=\"https:\/\/creaius.es\/wp-content\/uploads\/2023\/01\/camara_seguridad-min-scaled.jpg 2063w, https:\/\/creaius.es\/wp-content\/uploads\/2023\/01\/camara_seguridad-min-768x953.jpg 768w, https:\/\/creaius.es\/wp-content\/uploads\/2023\/01\/camara_seguridad-min-1238x1536.jpg 1238w, https:\/\/creaius.es\/wp-content\/uploads\/2023\/01\/camara_seguridad-min-1650x2048.jpg 1650w\" sizes=\"(max-width: 2063px) 100vw, 2063px\" \/><br \/>\n\t\t\t\t\t\t\t\t\t\t\t\t\t\t\t<img decoding=\"async\" width=\"1323\" height=\"1701\" src=\"https:\/\/creaius.es\/wp-content\/uploads\/2023\/02\/Diseno-sin-titulo-2.png\" alt=\"\" loading=\"lazy\" srcset=\"https:\/\/creaius.es\/wp-content\/uploads\/2023\/02\/Diseno-sin-titulo-2.png 1323w, https:\/\/creaius.es\/wp-content\/uploads\/2023\/02\/Diseno-sin-titulo-2-768x987.png 768w, https:\/\/creaius.es\/wp-content\/uploads\/2023\/02\/Diseno-sin-titulo-2-1195x1536.png 1195w\" sizes=\"(max-width: 1323px) 100vw, 1323px\" \/>\t\t\t\t\t\t\t\t\t\t\t\t\t\t\t<\/p>\n<h5>\u00a1Punto de reparaci\u00f3n seguro y de confianza!<\/h5>\n<h2>Servicio de reparaci\u00f3n m\u00f3vil<br \/>\n<\/h2>\n<p>Disponemos de las mejores herramientas y los repuestos para reparar tu m\u00f3vil en el menor plazo posible.<\/p>\n<p>Contamos con una garant\u00eda de 3 meses para cualquier reparci\u00f3n. Si tienes el m\u00f3vil, ordenador, tablet estropeados y quieres un presupuesto para la reparaci\u00f3n rellena <a href=\"https:\/\/creaius.es\/index.php\/formularioreparacion\/\">este formulario<\/a> y \u00a1nosotros te llamamos!.<\/p>\n<p>\t\t\t\t\t\t\t\t\t\t\t\t\t\t\t<img decoding=\"async\" width=\"1323\" height=\"1701\" src=\"https:\/\/creaius.es\/wp-content\/uploads\/2023\/02\/\u00a1PUnto-de-reparacion-movil-seguro-y-de-confianza-min.png\" alt=\"\" loading=\"lazy\" srcset=\"https:\/\/creaius.es\/wp-content\/uploads\/2023\/02\/\u00a1PUnto-de-reparacion-movil-seguro-y-de-confianza-min.png 1323w, https:\/\/creaius.es\/wp-content\/uploads\/2023\/02\/\u00a1PUnto-de-reparacion-movil-seguro-y-de-confianza-min-768x987.png 768w, https:\/\/creaius.es\/wp-content\/uploads\/2023\/02\/\u00a1PUnto-de-reparacion-movil-seguro-y-de-confianza-min-1195x1536.png 1195w\" sizes=\"(max-width: 1323px) 100vw, 1323px\" \/>\t\t\t\t\t\t\t\t\t\t\t\t\t\t\t<\/p>\n<h5>\u00a1Reparamos cualquier marca!<\/h5>\n","protected":false},"excerpt":{"rendered":"<p>Bienvenido al futuro con creaius Creaius Consultor\u00eda tecnol\u00f3gica Creaius se convertir\u00e1 en tu socio tecnol\u00f3gico. Somos pioneros en las \u00faltimas tecnolog\u00edas del mercado. Gracias a Creaius conseguir\u00e1s optimizar tu tiempo y dinero en el d\u00eda a d\u00eda tanto a nivel particular como profesional. Somos expertos en el sector energ\u00e9tico, maximizamos la eficiencia tanto en tu [&hellip;]<\/p>\n","protected":false},"author":1,"featured_media":0,"parent":0,"menu_order":0,"comment_status":"closed","ping_status":"open","template":"","meta":[],"aioseo_notices":[],"_links":{"self":[{"href":"https:\/\/creaius.es\/index.php\/wp-json\/wp\/v2\/pages\/650"}],"collection":[{"href":"https:\/\/creaius.es\/index.php\/wp-json\/wp\/v2\/pages"}],"about":[{"href":"https:\/\/creaius.es\/index.php\/wp-json\/wp\/v2\/types\/page"}],"author":[{"embeddable":true,"href":"https:\/\/creaius.es\/index.php\/wp-json\/wp\/v2\/users\/1"}],"replies":[{"embeddable":true,"href":"https:\/\/creaius.es\/index.php\/wp-json\/wp\/v2\/comments?post=650"}],"version-history":[{"count":409,"href":"https:\/\/creaius.es\/index.php\/wp-json\/wp\/v2\/pages\/650\/revisions"}],"predecessor-version":[{"id":1894,"href":"https:\/\/creaius.es\/index.php\/wp-json\/wp\/v2\/pages\/650\/revisions\/1894"}],"wp:attachment":[{"href":"https:\/\/creaius.es\/index.php\/wp-json\/wp\/v2\/media?parent=650"}],"curies":[{"name":"wp","href":"https:\/\/api.w.org\/{rel}","templated":true}]}}